{"id":202,"date":"2016-01-09T13:46:53","date_gmt":"2016-01-09T12:46:53","guid":{"rendered":"https:\/\/quever.info\/?page_id=202"},"modified":"2016-01-09T13:57:15","modified_gmt":"2016-01-09T12:57:15","slug":"que-ver","status":"publish","type":"page","link":"https:\/\/quever.info\/","title":{"rendered":"Bienvenido a QueVer.info"},"content":{"rendered":"<h2>Quever.info<\/h2>\n<p><strong>QueVer.info<\/strong> es la web donde encontrar\u00e1s informaci\u00f3n sobre\u00a0una gran cantidad de destinos tur\u00edsticos de Espa\u00f1a y tambi\u00e9n de los principales destinos tur\u00edsticos internacionales.<\/p>\n<p>En la barra lateral encontrar\u00e1s todos los art\u00edculos, as\u00ed que solamente debes seleccionar el destino tur\u00edstico que deseas y acceder a la informaci\u00f3n relativa al destino tur\u00edstico de tu elecci\u00f3n. Si lo prefieres, tambi\u00e9n puedes utilizar la caja de b\u00fasqueda para encontrar\u00a0el destino tur\u00edstico que est\u00e1s buscando.<\/p>\n<p>Madrid, Barcelona, Ibiza, San Sebasti\u00e1n, Munich,\u00a0Nueva York, son solamente algunos de los destinos tur\u00edsticos que encontrar\u00e1s en quever.info.<\/p>\n<p>En nuestra web no hay contenidos ocultos, ni contenidos de pago. No necesitas registrarte ni loguearte para ver todo nuestro contenido totalmente gratis. As\u00ed pues, navega y disfruta. Y si tienes la suerte de poder visitar el destino tur\u00edstico que has elegido, te deseamos <strong>\u00a1buen viaje!<\/strong><\/p>\n<h2>Otras cosas que\u00a0ver<\/h2>\n<p>Si no est\u00e1s buscando ning\u00fan destino tur\u00edstico, te has cansado de buscar lugares de ensue\u00f1o, o simplemente ya encontraste lo que andabas buscando, tal vez ahora te gustar\u00eda visitar alguna de nuestras otras p\u00e1ginas web, donde encontrar\u00e1s tambi\u00e9n cosas muy interesantes para ver:<\/p>\n<p><a href=\"http:\/\/dibujosanimados.info\" target=\"_blank\">DibujosAnimados.info<\/a> donde encontrar\u00e1s\u00a0multitud de series completas de dibujos animados actuales y cl\u00e1sicos<\/p>\n<p><a href=\"http:\/\/juguetes.club\" target=\"_blank\">Juguetes.club<\/a> los mejores videos de juguetes infantiles<\/p>\n<p><a href=\"http:\/\/reposteria.info\" target=\"_blank\">Reposteria.info<\/a> deliciosas recetas\u00a0de reposter\u00eda en video<\/p>\n<p><a href=\"http:\/\/huevosorpresa.com\" target=\"_blank\">HuevoSorpresa.com<\/a> unboxing de huevos sorpresa de chocolate, etc.<\/p>\n<p>&nbsp;<\/p>\n","protected":false},"excerpt":{"rendered":"<p>Quever.info QueVer.info es la web donde encontrar\u00e1s informaci\u00f3n sobre\u00a0una gran cantidad de destinos tur\u00edsticos de Espa\u00f1a y tambi\u00e9n de los principales destinos tur\u00edsticos internacionales. En la barra lateral encontrar\u00e1s todos <a class=\"more-link\" href=\"https:\/\/quever.info\/\">Continue Reading \u2192<\/a><\/p>\n","protected":false},"author":1,"featured_media":0,"parent":0,"menu_order":0,"comment_status":"closed","ping_status":"closed","template":"","meta":{"footnotes":""},"class_list":["post-202","page","type-page","status-publish","hentry"],"_links":{"self":[{"href":"https:\/\/quever.info\/index.php?rest_route=\/wp\/v2\/pages\/202","targetHints":{"allow":["GET"]}}],"collection":[{"href":"https:\/\/quever.info\/index.php?rest_route=\/wp\/v2\/pages"}],"about":[{"href":"https:\/\/quever.info\/index.php?rest_route=\/wp\/v2\/types\/page"}],"author":[{"embeddable":true,"href":"https:\/\/quever.info\/index.php?rest_route=\/wp\/v2\/users\/1"}],"replies":[{"embeddable":true,"href":"https:\/\/quever.info\/index.php?rest_route=%2Fwp%2Fv2%2Fcomments&post=202"}],"version-history":[{"count":8,"href":"https:\/\/quever.info\/index.php?rest_route=\/wp\/v2\/pages\/202\/revisions"}],"predecessor-version":[{"id":210,"href":"https:\/\/quever.info\/index.php?rest_route=\/wp\/v2\/pages\/202\/revisions\/210"}],"wp:attachment":[{"href":"https:\/\/quever.info\/index.php?rest_route=%2Fwp%2Fv2%2Fmedia&parent=202"}],"curies":[{"name":"wp","href":"https:\/\/api.w.org\/{rel}","templated":true}]}}